{"id":5049,"date":"2025-10-06T11:59:58","date_gmt":"2025-10-06T11:59:58","guid":{"rendered":"https:\/\/gramont-drenova.eu\/?page_id=5049"},"modified":"2025-10-08T10:33:29","modified_gmt":"2025-10-08T10:33:29","slug":"politika-kolacica","status":"publish","type":"page","link":"https:\/\/gramont-drenova.eu\/de\/politika-kolacica\/","title":{"rendered":"Cookie-Richtlinie"},"content":{"rendered":"<p><section data-bb-version=\"5.4.7\" id=\"bt_bb_section69e03c5cdd7a1\" class=\"bt_bb_section bt_bb_color_scheme_1 bt_bb_layout_boxed_1100 bt_bb_vertical_align_middle bt_bb_top_spacing_medium bt_bb_bottom_spacing_medium\" style=\"; --section-primary-color:#ffffff; --section-secondary-color:#252525;;background-color:rgb(90,90,90);\" data-bt-override-class=\"{&quot;bt_bb_top_spacing_&quot;:{&quot;current_class&quot;:&quot;bt_bb_top_spacing_medium&quot;,&quot;def&quot;:&quot;medium&quot;},&quot;bt_bb_bottom_spacing_&quot;:{&quot;current_class&quot;:&quot;bt_bb_bottom_spacing_medium&quot;,&quot;def&quot;:&quot;medium&quot;}}\"><div class=\"bt_bb_port\"><div class=\"bt_bb_cell\"><div class=\"bt_bb_cell_inner\"><div data-bb-version=\"5.4.4\" class=\"bt_bb_row  bt_bb_animation_move_right animate bt_bb_hidden_xs bt_bb_hidden_ms bt_bb_hidden_sm\"  data-bt-override-class=\"{&quot;bt_bb_animation_&quot;:{&quot;current_class&quot;:&quot;bt_bb_animation_move_right animate&quot;,&quot;def&quot;:&quot;move_right animate&quot;}}\"><div class=\"bt_bb_row_holder\" ><div data-bb-version=\"5.4.7\"  class=\"bt_bb_column col-xxl-12 col-xl-12 col-xs-12 col-sm-12 col-md-12 col-lg-12 bt_bb_vertical_align_middle bt_bb_align_left bt_bb_padding_normal bt_bb_animation_fade_in animate bt_bb_hidden_xs bt_bb_hidden_ms bt_bb_hidden_sm\" style=\"; --column-width:12;\" data-width=\"12\" data-bt-override-class=\"{&quot;bt_bb_align_&quot;:{&quot;current_class&quot;:&quot;bt_bb_align_left&quot;,&quot;def&quot;:&quot;left&quot;},&quot;bt_bb_padding_&quot;:{&quot;current_class&quot;:&quot;bt_bb_padding_normal&quot;,&quot;def&quot;:&quot;normal&quot;},&quot;bt_bb_animation_&quot;:{&quot;current_class&quot;:&quot;bt_bb_animation_fade_in animate&quot;,&quot;def&quot;:&quot;fade_in animate&quot;}}\"><div class=\"bt_bb_column_content\"><div class=\"bt_bb_column_content_inner\"><header data-bb-version=\"5.4.7\" class=\"bt_bb_headline bt_bb_font_weight_bold bt_bb_dash_none bt_bb_size_extralarge bt_bb_align_center\" data-bt-override-class=\"{&quot;bt_bb_size_&quot;:{&quot;current_class&quot;:&quot;bt_bb_size_extralarge&quot;,&quot;def&quot;:&quot;extralarge&quot;},&quot;bt_bb_align_&quot;:{&quot;current_class&quot;:&quot;bt_bb_align_center&quot;,&quot;def&quot;:&quot;center&quot;}}\"><\/header><\/div><\/div><\/div><\/div><\/div><div data-bb-version=\"5.4.7\" class=\"bt_bb_row  bt_bb_animation_move_right animate bt_bb_hidden_md bt_bb_hidden_lg bt_bb_hidden_xl\"  data-bt-override-class=\"{&quot;bt_bb_animation_&quot;:{&quot;current_class&quot;:&quot;bt_bb_animation_move_right animate&quot;,&quot;def&quot;:&quot;move_right animate&quot;}}\"><div class=\"bt_bb_row_holder\" ><div data-bb-version=\"5.4.7\"  class=\"bt_bb_column col-xxl-12 col-xl-12 col-xs-12 col-sm-12 col-md-12 col-lg-12 bt_bb_vertical_align_middle bt_bb_align_left bt_bb_padding_normal bt_bb_animation_fade_in animate bt_bb_hidden_md bt_bb_hidden_lg bt_bb_hidden_xl\" style=\"; --column-width:12;\" data-width=\"12\" data-bt-override-class=\"{&quot;bt_bb_align_&quot;:{&quot;current_class&quot;:&quot;bt_bb_align_left&quot;,&quot;def&quot;:&quot;left&quot;},&quot;bt_bb_padding_&quot;:{&quot;current_class&quot;:&quot;bt_bb_padding_normal&quot;,&quot;def&quot;:&quot;normal&quot;},&quot;bt_bb_animation_&quot;:{&quot;current_class&quot;:&quot;bt_bb_animation_fade_in animate&quot;,&quot;def&quot;:&quot;fade_in animate&quot;}}\"><div class=\"bt_bb_column_content\"><div class=\"bt_bb_column_content_inner\"><header data-bb-version=\"5.4.7\" class=\"bt_bb_headline bt_bb_font_weight_bold bt_bb_dash_none bt_bb_size_extralarge bt_bb_align_center\" data-bt-override-class=\"{&quot;bt_bb_size_&quot;:{&quot;current_class&quot;:&quot;bt_bb_size_extralarge&quot;,&quot;def&quot;:&quot;extralarge&quot;},&quot;bt_bb_align_&quot;:{&quot;current_class&quot;:&quot;bt_bb_align_center&quot;,&quot;def&quot;:&quot;center&quot;}}\"><\/header><\/div><\/div><\/div><\/div><\/div><\/div><!-- cell_inner --><\/div><!-- cell --><\/div><!-- port --><\/section><section data-bb-version=\"5.4.7\" id=\"bt_bb_section69e03c5cddaca\" class=\"bt_bb_section bt_bb_layout_boxed_1200\"  data-bt-override-class=\"null\"><div class=\"bt_bb_port\"><div class=\"bt_bb_cell\"><div class=\"bt_bb_cell_inner\"><div class=\"bt_bb_row\"  data-bt-override-class=\"{}\"><div class=\"bt_bb_row_holder\" ><div data-bb-version=\"5.4.7\"  class=\"bt_bb_column col-xxl-12 col-xl-12 col-xs-12 col-sm-12 col-md-12 col-lg-12 bt_bb_vertical_align_top bt_bb_align_left bt_bb_padding_normal\" style=\"; --column-width:12;\" data-width=\"12\" data-bt-override-class=\"{}\"><div class=\"bt_bb_column_content\"><div class=\"bt_bb_column_content_inner\"><div data-bb-version=\"5.4.7\" class=\"bt_bb_raw_content\"><main class=\"cookies-aura\">\n  <section class=\"hero\">\n    <div class=\"wrap\">\n      <h1>Cookie-Richtlinie<\/h1>\n      <p class=\"subtitle\">Aktualisiert: 5. Oktober 2025 \u2022 Gilt f\u00fcr den EWR und die Schweiz<\/p>\n    <\/div>\n  <\/section>\n\n  <section class=\"content\">\n    <div class=\"wrap\">\n      <div class=\"grid\">\n        <div>\n          <article class=\"card toc\" aria-label=\"Inhalt\">\n            <strong>Inhalt<\/strong>\n            <ol>\n              <li><a href=\"#uvod\">Einf\u00fchrung<\/a><\/li>\n              <li><a href=\"#def-kolacici\">Was sind Cookies?<\/a><\/li>\n              <li><a href=\"#def-skripte\">Was sind Skripte?<\/a><\/li>\n              <li><a href=\"#def-beacon\">Was ist ein Web Beacon?<\/a><\/li>\n              <li><a href=\"#kategorije\">Cookie-Kategorien<\/a><\/li>\n              <li><a href=\"#postavljeni\">Cookies (Dienste)<\/a><\/li>\n              <li><a href=\"#pristanak\">Einwilligung und Management<\/a><\/li>\n              <li><a href=\"#brisanje\">Aktivieren \/ L\u00f6schen<\/a><\/li>\n              <li><a href=\"#prava\">Ihre Rechte<\/a><\/li>\n              <li><a href=\"#kontakt\">Kontakt<\/a><\/li>\n            <\/ol>\n          <\/article>\n\n          <article id=\"uvod\" class=\"card\">\n            <h2>1) Einleitung<\/h2>\n            <p>Unsere Website <strong>https:\/\/gramont-drenova.eu<\/strong> Wir verwenden Cookies und \u00e4hnliche Technologien. Cookies werden von uns und von Drittanbietern, mit denen wir zusammenarbeiten, gesetzt.<\/p>\n          <\/article>\n\n          <article id=\"def-kolacici\" class=\"card\">\n            <h2>2) Was sind Cookies?<\/h2>\n            <p>Eine kleine Datei, die Ihr Browser auf Ihrem Ger\u00e4t speichert und bei Ihrem n\u00e4chsten Besuch an unseren Server (oder einen Drittanbieter) zur\u00fccksendet.<\/p>\n          <\/article>\n\n          <article id=\"def-skripte\" class=\"card\">\n            <h2>3) Was sind Skripte?<\/h2>\n            <p>Teile des Programmcodes, die das ordnungsgem\u00e4\u00dfe und interaktive Funktionieren einer Website erm\u00f6glichen.<\/p>\n          <\/article>\n\n          <article id=\"def-beacon\" class=\"card\">\n            <h2>4) Was ist ein Web Beacon?<\/h2>\n            <p>Ein kleines (oft unsichtbares) Bild\/Tag, das verwendet wird, um Datenverkehr und Aktivit\u00e4ten f\u00fcr statistische Zwecke und\/oder Marketingzwecke zu verfolgen.<\/p>\n          <\/article>\n\n          <article id=\"kategorije\" class=\"card\">\n            <h2>5) Cookie-Kategorien<\/h2>\n            <h3>5.1 Technische\/funktionale<\/h3>\n            <p>Grundlegende Website-Funktionalit\u00e4t; wir ver\u00f6ffentlichen sie ohne Zustimmung.<\/p>\n            <h3>5.2 Statistische Daten (anonymisiert)<\/h3>\n            <p>Aggregierte Website-Nutzungsanalyse.<\/p>\n            <h3>5.3 Marketing \/ Tracking<\/h3>\n            <p>Sie erstellen Nutzerprofile und schalten relevante Werbung; sie k\u00f6nnen einen Nutzer \u00fcber mehrere Websites hinweg verfolgen.<\/p>\n            <h3>5.4 Eingebettete Inhalte \/ Soziale Netzwerke<\/h3>\n            <p>Integrationen (z. B. Instagram, YouTube, Karten) k\u00f6nnen eigene Cookies setzen.<\/p>\n          <\/article>\n\n          <article id=\"postavljeni\" class=\"card\">\n            <h2>6) Gespeicherte Cookies (Dienste)<\/h2>\n            <div class=\"services\">\n              <div class=\"svc\"><strong>WordPress<\/strong> <span class=\"badge\">Funktionell<\/span><p class=\"meta\">Einwilligung zur Nutzung von WordPress<\/p><\/div>\n              <div class=\"svc\"><strong>WooCommerce<\/strong> <span class=\"badge\">Funktionell<\/span><p class=\"meta\">Zustimmung zur Nutzung der Dienste von WooCommerce<\/p><\/div>\n              <div class=\"svc\"><strong>Elementor<\/strong> <span class=\"badge\">Statistiken<\/span><p class=\"meta\">Zustimmung zum Dienst elementor<\/p><\/div>\n              <div class=\"svc\"><strong>Aktive Kampagne<\/strong> <span class=\"badge\">Marketing<\/span><p class=\"meta\">Einwilligung zur Durchf\u00fchrung aktiver Kampagnen<\/p><\/div>\n              <div class=\"svc\"><strong>Google Fonts<\/strong> <span class=\"badge\">Marketing<\/span><p class=\"meta\">Einwilligung zur Nutzung des Dienstes google-fonts<\/p><\/div>\n              <div class=\"svc\"><strong>Google reCAPTCHA<\/strong> <span class=\"badge\">Marketing<\/span><p class=\"meta\">Zustimmung zum Dienst google-recaptcha<\/p><\/div>\n              <div class=\"svc\"><strong>Google Maps<\/strong> <span class=\"badge\">Marketing<\/span><p class=\"meta\">Einwilligung zur Nutzung von Google Maps<\/p><\/div>\n              <div class=\"svc\"><strong>YouTube<\/strong> <span class=\"badge\">Marketing<\/span><p class=\"meta\">Einwilligung zur Nutzung der Dienste von YouTube<\/p><\/div>\n              <div class=\"svc\"><strong>Einhaltung<\/strong> <span class=\"badge\">Funktionell<\/span><p class=\"meta\">Einwilligung zur Einhaltung der Dienstleistungen<\/p><\/div>\n              <div class=\"svc\"><strong>Rundw\u00fcrfel<\/strong> <span class=\"badge\">Untersuchung<\/span><p class=\"meta\">Einwilligung zur Nutzung von Roundcube<\/p><\/div>\n              <div class=\"svc\"><strong>Verschiedenes<\/strong> <span class=\"badge\">Untersuchung<\/span><p class=\"meta\">Einwilligung zur Dienstleistung (Sonstiges)<\/p><\/div>\n            <\/div>\n            <p class=\"meta\" style=\"margin-top:.9rem\"><em>Eine detaillierte Tabelle (Name, Domain, Dauer, Zweck) finden Sie in Ihrem Banner\/Pr\u00e4ferenzcenter, z. B. bei Complianz.<\/em><\/p>\n          <\/article>\n\n          <article id=\"pristanak\" class=\"card\">\n            <h2>7) Zustimmung und Management<\/h2>\n            <p>Bei Ihrem ersten Besuch wird Ihnen ein Cookie-Hinweis angezeigt. Mit einem Klick auf \u201eEinstellungen speichern\u201d akzeptieren Sie die ausgew\u00e4hlten Kategorien. Nicht notwendige Cookies setzen wir nur, nachdem Sie Ihre Zustimmung erteilt haben.<\/p>\n            <ul>\n              <li><strong>Funktionell<\/strong> \u2014 immer aktiv<\/li>\n              <li><strong>Einstellungen<\/strong> \u2014 <a href=\"#\" onclick=\"if(window.CC)CC.showSettings(0);return false;\">Einstellungen \u00f6ffnen<\/a><\/li>\n              <li><strong>Marketing<\/strong> \u2014 <a href=\"#\" onclick=\"if(window.CC)CC.showSettings(2);return false;\">Einstellungen \u00f6ffnen<\/a><\/li>\n            <\/ul>\n          <\/article>\n\n          <article id=\"brisanje\" class=\"card\">\n            <h2>8) Aktivieren\/Deaktivieren und L\u00f6schen<\/h2>\n            <p>Sie k\u00f6nnen Ihren Browser so einstellen, dass er Cookies l\u00f6scht oder blockiert und Sie benachrichtigt, wenn diese gesetzt werden. Wenn Sie alle Cookies deaktivieren, funktioniert die Website m\u00f6glicherweise nicht ordnungsgem\u00e4\u00df.<\/p>\n          <\/article>\n\n          <article id=\"prava\" class=\"card\">\n            <h2>9) Ihre Rechte<\/h2>\n            <ul>\n              <li>Auskunft, Zugang, Berichtigung und L\u00f6schung.<\/li>\n              <li>Einschr\u00e4nkung der Verarbeitung, Daten\u00fcbertragbarkeit, Widerspruch.<\/li>\n              <li>Widerruf der Einwilligung zur Datenverarbeitung auf Grundlage einer Einwilligung.<\/li>\n            <\/ul>\n          <\/article>\n\n          <article id=\"kontakt\" class=\"card\">\n            <h2>10) Kontakt<\/h2>\n            <address>\n              <strong>GRAMONT DRENOVA doo.<\/strong><br>\n              Slavka Kova\u010di\u0107a 3, 10360 Sesvetski Kraljevec, Kroatien<br>\n              Webseite: <a href=\"https:\/\/gramont-drenova.eu\/de\/\">gramont-drenova.eu<\/a><br>\n              E-Mail: <a href=\"mailto:gramont.drenova@gramont-drenova.hr\">gramont.drenova@gramont-drenova.hr<\/a>\n            <\/address>\n            <p class=\"meta\">Synchronisiert mit cookiedatabase.org: 5. Oktober 2025.<\/p>\n          <\/article>\n        <\/div>\n\n        <aside class=\"side\">\n          <div class=\"panel\">\n            <h3>Cookie-Verwaltung<\/h3>\n            <p class=\"meta\">\u00d6ffnen Sie schnell die Einstellungen und \u00e4ndern Sie Ihre Auswahl.<\/p>\n            <div class=\"btns\">\n              <a class=\"btn btn--ghost\" href=\"#\" onclick=\"if(window.CC)CC.showSettings();return false;\">Einstellungen \u00f6ffnen<\/a>\n              <a class=\"btn btn--ghost\" href=\"\/de\/politika-privatnosti\/\">Datenschutzrichtlinie<\/a>\n            <\/div>\n\n            <div class=\"hr\"><\/div>\n\n            <h3>Kontakt<\/h3>\n            <address>\n              E-Mail: <a href=\"mailto:gramont.drenova@gramont-drenova.hr\">gramont.drenova@gramont-drenova.hr<\/a><br>\n              Telefon: <a href=\"tel:+38512011577\">+385 (0)1 2011 577<\/a><br>\n              Adresse: Slavka Kova\u010di\u0107a 3, 10360 Sesvetski Kraljevec\n            <\/address>\n          <\/div>\n        <\/aside>\n      <\/div>\n    <\/div>\n  <\/section>\n<\/main><\/div><\/div><\/div><\/div><\/div><\/div><\/div><!-- cell_inner --><\/div><!-- cell --><\/div><!-- port --><\/section><\/p>","protected":false},"excerpt":{"rendered":"","protected":false},"author":1,"featured_media":0,"parent":0,"menu_order":0,"comment_status":"closed","ping_status":"closed","template":"","meta":{"inline_featured_image":false,"footnotes":""},"class_list":["post-5049","page","type-page","status-publish","hentry"],"yoast_head":"<!-- This site is optimized with the Yoast SEO plugin v27.4 - https:\/\/yoast.com\/product\/yoast-seo-wordpress\/ -->\n<title>Politika kola\u010di\u0107a - GRAMONT DRENOVA d.o.o.<\/title>\n<meta name=\"robots\" content=\"index, follow, max-snippet:-1, max-image-preview:large, max-video-preview:-1\" \/>\n<link rel=\"canonical\" href=\"https:\/\/gramont-drenova.eu\/de\/politika-kolacica\/\" \/>\n<meta property=\"og:locale\" content=\"de_DE\" \/>\n<meta property=\"og:type\" content=\"article\" \/>\n<meta property=\"og:title\" content=\"Politika kola\u010di\u0107a - GRAMONT DRENOVA d.o.o.\" \/>\n<meta property=\"og:url\" content=\"https:\/\/gramont-drenova.eu\/de\/politika-kolacica\/\" \/>\n<meta property=\"og:site_name\" content=\"GRAMONT DRENOVA d.o.o.\" \/>\n<meta property=\"article:modified_time\" content=\"2025-10-08T10:33:29+00:00\" \/>\n<meta name=\"twitter:card\" content=\"summary_large_image\" \/>\n<meta name=\"twitter:label1\" content=\"Gesch\u00e4tzte Lesezeit\" \/>\n\t<meta name=\"twitter:data1\" content=\"8\u00a0Minuten\" \/>\n<script type=\"application\/ld+json\" class=\"yoast-schema-graph\">{\"@context\":\"https:\\\/\\\/schema.org\",\"@graph\":[{\"@type\":\"WebPage\",\"@id\":\"https:\\\/\\\/gramont-drenova.eu\\\/politika-kolacica\\\/\",\"url\":\"https:\\\/\\\/gramont-drenova.eu\\\/politika-kolacica\\\/\",\"name\":\"Politika kola\u010di\u0107a - GRAMONT DRENOVA d.o.o.\",\"isPartOf\":{\"@id\":\"https:\\\/\\\/gramont-drenova.eu\\\/#website\"},\"datePublished\":\"2025-10-06T11:59:58+00:00\",\"dateModified\":\"2025-10-08T10:33:29+00:00\",\"breadcrumb\":{\"@id\":\"https:\\\/\\\/gramont-drenova.eu\\\/politika-kolacica\\\/#breadcrumb\"},\"inLanguage\":\"de\",\"potentialAction\":[{\"@type\":\"ReadAction\",\"target\":[\"https:\\\/\\\/gramont-drenova.eu\\\/politika-kolacica\\\/\"]}]},{\"@type\":\"BreadcrumbList\",\"@id\":\"https:\\\/\\\/gramont-drenova.eu\\\/politika-kolacica\\\/#breadcrumb\",\"itemListElement\":[{\"@type\":\"ListItem\",\"position\":1,\"name\":\"Po\u010detna stranica\",\"item\":\"https:\\\/\\\/gramont-drenova.eu\\\/\"},{\"@type\":\"ListItem\",\"position\":2,\"name\":\"Politika kola\u010di\u0107a\"}]},{\"@type\":\"WebSite\",\"@id\":\"https:\\\/\\\/gramont-drenova.eu\\\/#website\",\"url\":\"https:\\\/\\\/gramont-drenova.eu\\\/\",\"name\":\"GRAMONT DRENOVA d.o.o.\",\"description\":\"S nama do savr\u0161enog rje\u0161enja!\",\"publisher\":{\"@id\":\"https:\\\/\\\/gramont-drenova.eu\\\/#organization\"},\"potentialAction\":[{\"@type\":\"SearchAction\",\"target\":{\"@type\":\"EntryPoint\",\"urlTemplate\":\"https:\\\/\\\/gramont-drenova.eu\\\/?s={search_term_string}\"},\"query-input\":{\"@type\":\"PropertyValueSpecification\",\"valueRequired\":true,\"valueName\":\"search_term_string\"}}],\"inLanguage\":\"de\"},{\"@type\":\"Organization\",\"@id\":\"https:\\\/\\\/gramont-drenova.eu\\\/#organization\",\"name\":\"GRAMONT DRENOVA d.o.o.\",\"url\":\"https:\\\/\\\/gramont-drenova.eu\\\/\",\"logo\":{\"@type\":\"ImageObject\",\"inLanguage\":\"de\",\"@id\":\"https:\\\/\\\/gramont-drenova.eu\\\/#\\\/schema\\\/logo\\\/image\\\/\",\"url\":\"https:\\\/\\\/gramont-drenova.eu\\\/wp-content\\\/uploads\\\/2025\\\/08\\\/Gramont_Drenova_Logotip.svg\",\"contentUrl\":\"https:\\\/\\\/gramont-drenova.eu\\\/wp-content\\\/uploads\\\/2025\\\/08\\\/Gramont_Drenova_Logotip.svg\",\"caption\":\"GRAMONT DRENOVA d.o.o.\"},\"image\":{\"@id\":\"https:\\\/\\\/gramont-drenova.eu\\\/#\\\/schema\\\/logo\\\/image\\\/\"},\"sameAs\":[\"https:\\\/\\\/instagram.com\\\/gramont_drenova\"]}]}<\/script>\n<!-- \/ Yoast SEO plugin. -->","yoast_head_json":{"title":"Politika kola\u010di\u0107a - GRAMONT DRENOVA d.o.o.","robots":{"index":"index","follow":"follow","max-snippet":"max-snippet:-1","max-image-preview":"max-image-preview:large","max-video-preview":"max-video-preview:-1"},"canonical":"https:\/\/gramont-drenova.eu\/de\/politika-kolacica\/","og_locale":"de_DE","og_type":"article","og_title":"Politika kola\u010di\u0107a - GRAMONT DRENOVA d.o.o.","og_url":"https:\/\/gramont-drenova.eu\/de\/politika-kolacica\/","og_site_name":"GRAMONT DRENOVA d.o.o.","article_modified_time":"2025-10-08T10:33:29+00:00","twitter_card":"summary_large_image","twitter_misc":{"Gesch\u00e4tzte Lesezeit":"8\u00a0Minuten"},"schema":{"@context":"https:\/\/schema.org","@graph":[{"@type":"WebPage","@id":"https:\/\/gramont-drenova.eu\/politika-kolacica\/","url":"https:\/\/gramont-drenova.eu\/politika-kolacica\/","name":"Politika kola\u010di\u0107a - GRAMONT DRENOVA d.o.o.","isPartOf":{"@id":"https:\/\/gramont-drenova.eu\/#website"},"datePublished":"2025-10-06T11:59:58+00:00","dateModified":"2025-10-08T10:33:29+00:00","breadcrumb":{"@id":"https:\/\/gramont-drenova.eu\/politika-kolacica\/#breadcrumb"},"inLanguage":"de","potentialAction":[{"@type":"ReadAction","target":["https:\/\/gramont-drenova.eu\/politika-kolacica\/"]}]},{"@type":"BreadcrumbList","@id":"https:\/\/gramont-drenova.eu\/politika-kolacica\/#breadcrumb","itemListElement":[{"@type":"ListItem","position":1,"name":"Po\u010detna stranica","item":"https:\/\/gramont-drenova.eu\/"},{"@type":"ListItem","position":2,"name":"Politika kola\u010di\u0107a"}]},{"@type":"WebSite","@id":"https:\/\/gramont-drenova.eu\/#website","url":"https:\/\/gramont-drenova.eu\/","name":"GRAMONT DRENOVA doo.","description":"Mit uns zur perfekten L\u00f6sung!","publisher":{"@id":"https:\/\/gramont-drenova.eu\/#organization"},"potentialAction":[{"@type":"SearchAction","target":{"@type":"EntryPoint","urlTemplate":"https:\/\/gramont-drenova.eu\/?s={search_term_string}"},"query-input":{"@type":"PropertyValueSpecification","valueRequired":true,"valueName":"search_term_string"}}],"inLanguage":"de"},{"@type":"Organization","@id":"https:\/\/gramont-drenova.eu\/#organization","name":"GRAMONT DRENOVA doo.","url":"https:\/\/gramont-drenova.eu\/","logo":{"@type":"ImageObject","inLanguage":"de","@id":"https:\/\/gramont-drenova.eu\/#\/schema\/logo\/image\/","url":"https:\/\/gramont-drenova.eu\/wp-content\/uploads\/2025\/08\/Gramont_Drenova_Logotip.svg","contentUrl":"https:\/\/gramont-drenova.eu\/wp-content\/uploads\/2025\/08\/Gramont_Drenova_Logotip.svg","caption":"GRAMONT DRENOVA d.o.o."},"image":{"@id":"https:\/\/gramont-drenova.eu\/#\/schema\/logo\/image\/"},"sameAs":["https:\/\/instagram.com\/gramont_drenova"]}]}},"_links":{"self":[{"href":"https:\/\/gramont-drenova.eu\/de\/wp-json\/wp\/v2\/pages\/5049","targetHints":{"allow":["GET"]}}],"collection":[{"href":"https:\/\/gramont-drenova.eu\/de\/wp-json\/wp\/v2\/pages"}],"about":[{"href":"https:\/\/gramont-drenova.eu\/de\/wp-json\/wp\/v2\/types\/page"}],"author":[{"embeddable":true,"href":"https:\/\/gramont-drenova.eu\/de\/wp-json\/wp\/v2\/users\/1"}],"replies":[{"embeddable":true,"href":"https:\/\/gramont-drenova.eu\/de\/wp-json\/wp\/v2\/comments?post=5049"}],"version-history":[{"count":11,"href":"https:\/\/gramont-drenova.eu\/de\/wp-json\/wp\/v2\/pages\/5049\/revisions"}],"predecessor-version":[{"id":5579,"href":"https:\/\/gramont-drenova.eu\/de\/wp-json\/wp\/v2\/pages\/5049\/revisions\/5579"}],"wp:attachment":[{"href":"https:\/\/gramont-drenova.eu\/de\/wp-json\/wp\/v2\/media?parent=5049"}],"curies":[{"name":"wp","href":"https:\/\/api.w.org\/{rel}","templated":true}]}}