{"id":5036,"date":"2025-10-06T11:40:55","date_gmt":"2025-10-06T11:40:55","guid":{"rendered":"https:\/\/gramont-drenova.eu\/?page_id=5036"},"modified":"2025-10-09T16:12:19","modified_gmt":"2025-10-09T16:12:19","slug":"imprint","status":"publish","type":"page","link":"https:\/\/gramont-drenova.eu\/en\/impressum\/","title":{"rendered":"Imprint"},"content":{"rendered":"<p><section data-bb-version=\"5.4.7\" id=\"bt_bb_section69f663197db9a\" class=\"bt_bb_section bt_bb_color_scheme_1 bt_bb_layout_boxed_1100 bt_bb_vertical_align_middle bt_bb_top_spacing_medium bt_bb_bottom_spacing_large\" style=\"; --section-primary-color:#ffffff; --section-secondary-color:#252525;;background-color:rgb(145,145,145);\" data-bt-override-class=\"{&quot;bt_bb_top_spacing_&quot;:{&quot;current_class&quot;:&quot;bt_bb_top_spacing_medium&quot;,&quot;def&quot;:&quot;medium&quot;},&quot;bt_bb_bottom_spacing_&quot;:{&quot;current_class&quot;:&quot;bt_bb_bottom_spacing_large&quot;,&quot;def&quot;:&quot;large&quot;}}\"><div class=\"bt_bb_port\"><div class=\"bt_bb_cell\"><div class=\"bt_bb_cell_inner\"><div data-bb-version=\"5.4.4\" class=\"bt_bb_row  bt_bb_animation_move_right animate bt_bb_hidden_xs bt_bb_hidden_ms bt_bb_hidden_sm\"  data-bt-override-class=\"{&quot;bt_bb_animation_&quot;:{&quot;current_class&quot;:&quot;bt_bb_animation_move_right animate&quot;,&quot;def&quot;:&quot;move_right animate&quot;}}\"><div class=\"bt_bb_row_holder\" ><div  class=\"bt_bb_column col-xxl-12 col-xl-12 col-xs-12 col-sm-12 col-md-12 col-lg-12 bt_bb_vertical_align_middle bt_bb_align_left bt_bb_padding_normal bt_bb_animation_fade_in animate\" style=\"; --column-width:12;\" data-width=\"12\" data-bt-override-class=\"{}\"><div class=\"bt_bb_column_content\"><div class=\"bt_bb_column_content_inner\"><header data-bb-version=\"5.4.7\" class=\"bt_bb_headline bt_bb_font_weight_bold bt_bb_dash_none bt_bb_size_extralarge bt_bb_align_center\" data-bt-override-class=\"{&quot;bt_bb_size_&quot;:{&quot;current_class&quot;:&quot;bt_bb_size_extralarge&quot;,&quot;def&quot;:&quot;extralarge&quot;},&quot;bt_bb_align_&quot;:{&quot;current_class&quot;:&quot;bt_bb_align_center&quot;,&quot;def&quot;:&quot;center&quot;}}\"><\/header><\/div><\/div><\/div><\/div><\/div><div data-bb-version=\"5.4.7\" class=\"bt_bb_row  bt_bb_animation_move_right animate bt_bb_hidden_md bt_bb_hidden_lg bt_bb_hidden_xl\"  data-bt-override-class=\"{&quot;bt_bb_animation_&quot;:{&quot;current_class&quot;:&quot;bt_bb_animation_move_right animate&quot;,&quot;def&quot;:&quot;move_right animate&quot;}}\"><div class=\"bt_bb_row_holder\" ><div data-bb-version=\"5.4.7\"  class=\"bt_bb_column col-xxl-12 col-xl-12 col-xs-12 col-sm-12 col-md-12 col-lg-12 bt_bb_vertical_align_middle bt_bb_align_left bt_bb_padding_normal bt_bb_animation_fade_in animate bt_bb_hidden_md bt_bb_hidden_lg bt_bb_hidden_xl\" style=\"; --column-width:12;\" data-width=\"12\" data-bt-override-class=\"{&quot;bt_bb_align_&quot;:{&quot;current_class&quot;:&quot;bt_bb_align_left&quot;,&quot;def&quot;:&quot;left&quot;},&quot;bt_bb_padding_&quot;:{&quot;current_class&quot;:&quot;bt_bb_padding_normal&quot;,&quot;def&quot;:&quot;normal&quot;},&quot;bt_bb_animation_&quot;:{&quot;current_class&quot;:&quot;bt_bb_animation_fade_in animate&quot;,&quot;def&quot;:&quot;fade_in animate&quot;}}\"><div class=\"bt_bb_column_content\"><div class=\"bt_bb_column_content_inner\"><header data-bb-version=\"5.4.7\" class=\"bt_bb_headline bt_bb_font_weight_bold bt_bb_dash_none bt_bb_size_extralarge bt_bb_align_center\" data-bt-override-class=\"{&quot;bt_bb_size_&quot;:{&quot;current_class&quot;:&quot;bt_bb_size_extralarge&quot;,&quot;def&quot;:&quot;extralarge&quot;},&quot;bt_bb_align_&quot;:{&quot;current_class&quot;:&quot;bt_bb_align_center&quot;,&quot;def&quot;:&quot;center&quot;}}\"><\/header><\/div><\/div><\/div><\/div><\/div><\/div><!-- cell_inner --><\/div><!-- cell --><\/div><!-- port --><\/section><section data-bb-version=\"5.4.7\" id=\"bt_bb_section69f663197de80\" class=\"bt_bb_section bt_bb_layout_boxed_1400\"  data-bt-override-class=\"null\"><div class=\"bt_bb_port\"><div class=\"bt_bb_cell\"><div class=\"bt_bb_cell_inner\"><div class=\"bt_bb_row\"  data-bt-override-class=\"{}\"><div class=\"bt_bb_row_holder\" ><div data-bb-version=\"5.4.7\"  class=\"bt_bb_column col-xxl-12 col-xl-12 col-xs-12 col-sm-12 col-md-12 col-lg-12 bt_bb_vertical_align_top bt_bb_align_left bt_bb_padding_normal\" style=\"; --column-width:12;\" data-width=\"12\" data-bt-override-class=\"{}\"><div class=\"bt_bb_column_content\"><div class=\"bt_bb_column_content_inner\"><div data-bb-version=\"5.4.7\" class=\"bt_bb_raw_content\"><main class=\"impressum-aura\">\n  <section class=\"hero\">\n    <div class=\"wrap\">\n      <h1>Imprint<\/h1>\n      <p class=\"subtitle\">Official legal information and company contact details<\/p>\n\n      <div class=\"infobar\">\n        <div class=\"pill\"><span class=\"dot\"><\/span><span><strong>PIN:<\/strong> 92608541689<\/span><\/div>\n        <div class=\"pill\"><span class=\"dot\"><\/span><span><strong>MBS:<\/strong> 020021768 \u2022 Commercial Court in Zagreb<\/span><\/div>\n        <div class=\"pill\">\n    <span class=\"dot dot--ok\"><\/span>\n    <span><strong>Basic capital:<\/strong> 3,225.00 EUR <span class=\"ok-badge\">payed<\/span><\/span>\n  <\/div>\n<\/div>\n  <\/section>\n\n  <section class=\"content\">\n    <div class=\"wrap\">\n      <div class=\"grid\">\n        <div>\n          <article class=\"card\">\n            <h2>Information about the company<\/h2>\n            <dl class=\"kv\">\n              <dt>Company name<\/dt>\n              <dd><strong>GRAMONT DRENOVA d.o.o. for construction and installation<\/strong><\/dd>\n\n              <dt>Company headquarters:<\/dt>\n              <dd><address><strong>Slavka Kovacica 3<\/strong>, 10360 Sesvetski Kraljevec, Croatia HR<\/address><\/dd>\n\n              <dt>Board member \/ director<\/dt>\n              <dd><strong>Hrvojka Fabijan, B.A. in Economics.<\/strong><\/dd>\n\n              <dt>Main activity (NKD 2007)<\/dt>\n              <dd><strong>43220<\/strong> \u2013 Introduction of water, sewage and gas installations, as well as heating and air conditioning installations<\/dd>\n<dt>Company status<\/dt>\n<dd><span class=\"ok-badge\">Active<\/span><\/dd>\n            <\/dl>\n\n            <div class=\"hr\"><\/div>\n\n            <h2>Business accounts<\/h2>\n<div class=\"bank\">\n  <div>\n    <strong>ZAGREB BANK dd.<\/strong> \u2014 Ban Josipa Jela\u010di\u0107a Square 10, 10000 Zagreb\n  <\/div>\n  <div>\n    IBAN: <span class=\"iban\">HR20 2360 0001 1026 2888 6<\/span>\n    <span class=\"ok-badge\">Not blocked<\/span>\n  <\/div>\n<\/div>\n\n<div class=\"bank\">\n  <div>\n    <strong>OTP BANK CROATIA dd.<\/strong> \u2014 Domovinskog rata Street 61, 21000 Split\n  <\/div>\n  <div>\n    IBAN: <span class=\"iban\">HR67 2407 0001 1003 6956 3<\/span>\n    <span class=\"ok-badge\">Not blocked<\/span>\n  <\/div>\n<\/div>\n          <\/article>\n\n          <article class=\"card\">\n            <h2>Disclaimer<\/h2>\n            <p>\n              The content on this website is provided for informational purposes only.\n              <strong>GRAMONT DRENOVA doo.<\/strong> strives to ensure the accuracy and up-to-dateness of the published information,\nbut does not assume responsibility for any errors, inaccuracies or damages that may arise from the use of the content on this site.\nWe reserve the right to make changes and additions to the content without prior notice.\n            <\/p>\n\n            <h2>Copyright<\/h2>\n            <p>\n              All texts, photos, graphics and other content published on this website are the property of\n              <strong>GRAMONT DRENOVA doo.<\/strong>, unless otherwise stated. Copying,\ndistribution or other use of the material without the prior written consent of the owner is prohibited.\n            <\/p>\n\n            <p class=\"meta\">Last updated: October 6, 2025.<\/p>\n          <\/article>\n        <\/div>\n\n        <aside class=\"side\">\n          <div class=\"panel\">\n            <h3>Contact<\/h3>\n            <address>\n              E-mail: <a href=\"mailto:gramont.drenova@gramont-drenova.hr\">gramont.drenova@gramont-drenova.hr<\/a><br>\n              Phone: <a href=\"tel:+38512011577\">+385 (0)1 2011 577<\/a><br>\n              Website: <a href=\"https:\/\/gramont-drenova.eu\/en\/\">gramont-drenova.eu<\/a><br>\n              Address: <strong>Slavka Kovacica 3<\/strong>, 10360 Sesvetski Kraljevec, Croatia HR\n            <\/address>\n\n            <div class=\"btns\">\n              <a class=\"btn btn--ghost\" href=\"mailto:gramont.drenova@gramont-drenova.hr\">Send e-mail<\/a>\n              <a class=\"btn btn--ghost\" href=\"tel:+38512011577\">Call<\/a>\n            <\/div>\n\n            <p class=\"meta\" style=\"margin-top:.9rem\">PIN: 92608541689 \/ MBS: 020021768<\/p>\n          <\/div>\n        <\/aside>\n      <\/div>\n    <\/div>\n  <\/section>\n<\/main><\/div><\/div><\/div><\/div><\/div><\/div><\/div><!-- cell_inner --><\/div><!-- cell --><\/div><!-- port --><\/section><\/p>","protected":false},"excerpt":{"rendered":"","protected":false},"author":1,"featured_media":0,"parent":0,"menu_order":0,"comment_status":"closed","ping_status":"closed","template":"","meta":{"inline_featured_image":false,"footnotes":""},"class_list":["post-5036","page","type-page","status-publish","hentry"],"yoast_head":"<!-- This site is optimized with the Yoast SEO plugin v27.4 - https:\/\/yoast.com\/product\/yoast-seo-wordpress\/ -->\n<title>Impressum | GRAMONT DRENOVA d.o.o.<\/title>\n<meta name=\"description\" content=\"Impressum tvrtke GRAMONT DRENOVA d.o.o. \u2013 gra\u0111evinarstvo i monta\u017ea. Slu\u017ebeni podaci, kontakti, temeljni kapital i status poduze\u0107a.\" \/>\n<meta name=\"robots\" content=\"index, follow, max-snippet:-1, max-image-preview:large, max-video-preview:-1\" \/>\n<link rel=\"canonical\" href=\"https:\/\/gramont-drenova.eu\/en\/imprint\/\" \/>\n<meta property=\"og:locale\" content=\"en_GB\" \/>\n<meta property=\"og:type\" content=\"article\" \/>\n<meta property=\"og:title\" content=\"Impressum | GRAMONT DRENOVA d.o.o.\" \/>\n<meta property=\"og:description\" content=\"Impressum tvrtke GRAMONT DRENOVA d.o.o. \u2013 gra\u0111evinarstvo i monta\u017ea. Slu\u017ebeni podaci, kontakti, temeljni kapital i status poduze\u0107a.\" \/>\n<meta property=\"og:url\" content=\"https:\/\/gramont-drenova.eu\/en\/imprint\/\" \/>\n<meta property=\"og:site_name\" content=\"GRAMONT DRENOVA d.o.o.\" \/>\n<meta property=\"article:modified_time\" content=\"2025-10-09T16:12:19+00:00\" \/>\n<meta name=\"twitter:card\" content=\"summary_large_image\" \/>\n<meta name=\"twitter:label1\" content=\"Estimated reading time\" \/>\n\t<meta name=\"twitter:data1\" content=\"2 minutes\" \/>\n<script type=\"application\/ld+json\" class=\"yoast-schema-graph\">{\"@context\":\"https:\\\/\\\/schema.org\",\"@graph\":[{\"@type\":\"WebPage\",\"@id\":\"https:\\\/\\\/gramont-drenova.eu\\\/impressum\\\/\",\"url\":\"https:\\\/\\\/gramont-drenova.eu\\\/impressum\\\/\",\"name\":\"Impressum | GRAMONT DRENOVA d.o.o.\",\"isPartOf\":{\"@id\":\"https:\\\/\\\/gramont-drenova.eu\\\/#website\"},\"datePublished\":\"2025-10-06T11:40:55+00:00\",\"dateModified\":\"2025-10-09T16:12:19+00:00\",\"description\":\"Impressum tvrtke GRAMONT DRENOVA d.o.o. \u2013 gra\u0111evinarstvo i monta\u017ea. Slu\u017ebeni podaci, kontakti, temeljni kapital i status poduze\u0107a.\",\"breadcrumb\":{\"@id\":\"https:\\\/\\\/gramont-drenova.eu\\\/impressum\\\/#breadcrumb\"},\"inLanguage\":\"en-GB\",\"potentialAction\":[{\"@type\":\"ReadAction\",\"target\":[\"https:\\\/\\\/gramont-drenova.eu\\\/impressum\\\/\"]}]},{\"@type\":\"BreadcrumbList\",\"@id\":\"https:\\\/\\\/gramont-drenova.eu\\\/impressum\\\/#breadcrumb\",\"itemListElement\":[{\"@type\":\"ListItem\",\"position\":1,\"name\":\"Po\u010detna stranica\",\"item\":\"https:\\\/\\\/gramont-drenova.eu\\\/\"},{\"@type\":\"ListItem\",\"position\":2,\"name\":\"Impressum\"}]},{\"@type\":\"WebSite\",\"@id\":\"https:\\\/\\\/gramont-drenova.eu\\\/#website\",\"url\":\"https:\\\/\\\/gramont-drenova.eu\\\/\",\"name\":\"GRAMONT DRENOVA d.o.o.\",\"description\":\"S nama do savr\u0161enog rje\u0161enja!\",\"publisher\":{\"@id\":\"https:\\\/\\\/gramont-drenova.eu\\\/#organization\"},\"potentialAction\":[{\"@type\":\"SearchAction\",\"target\":{\"@type\":\"EntryPoint\",\"urlTemplate\":\"https:\\\/\\\/gramont-drenova.eu\\\/?s={search_term_string}\"},\"query-input\":{\"@type\":\"PropertyValueSpecification\",\"valueRequired\":true,\"valueName\":\"search_term_string\"}}],\"inLanguage\":\"en-GB\"},{\"@type\":\"Organization\",\"@id\":\"https:\\\/\\\/gramont-drenova.eu\\\/#organization\",\"name\":\"GRAMONT DRENOVA d.o.o.\",\"url\":\"https:\\\/\\\/gramont-drenova.eu\\\/\",\"logo\":{\"@type\":\"ImageObject\",\"inLanguage\":\"en-GB\",\"@id\":\"https:\\\/\\\/gramont-drenova.eu\\\/#\\\/schema\\\/logo\\\/image\\\/\",\"url\":\"https:\\\/\\\/gramont-drenova.eu\\\/wp-content\\\/uploads\\\/2025\\\/08\\\/Gramont_Drenova_Logotip.svg\",\"contentUrl\":\"https:\\\/\\\/gramont-drenova.eu\\\/wp-content\\\/uploads\\\/2025\\\/08\\\/Gramont_Drenova_Logotip.svg\",\"caption\":\"GRAMONT DRENOVA d.o.o.\"},\"image\":{\"@id\":\"https:\\\/\\\/gramont-drenova.eu\\\/#\\\/schema\\\/logo\\\/image\\\/\"},\"sameAs\":[\"https:\\\/\\\/instagram.com\\\/gramont_drenova\"]}]}<\/script>\n<!-- \/ Yoast SEO plugin. -->","yoast_head_json":{"title":"Impressum | GRAMONT DRENOVA Ltd.","description":"Company Imprint GRAMONT DRENOVA d.o.o. \u2013 Construction and Assembly. Official data, contacts, share capital, and company status.","robots":{"index":"index","follow":"follow","max-snippet":"max-snippet:-1","max-image-preview":"max-image-preview:large","max-video-preview":"max-video-preview:-1"},"canonical":"https:\/\/gramont-drenova.eu\/en\/imprint\/","og_locale":"en_GB","og_type":"article","og_title":"Impressum | GRAMONT DRENOVA d.o.o.","og_description":"Impressum tvrtke GRAMONT DRENOVA d.o.o. \u2013 gra\u0111evinarstvo i monta\u017ea. Slu\u017ebeni podaci, kontakti, temeljni kapital i status poduze\u0107a.","og_url":"https:\/\/gramont-drenova.eu\/en\/imprint\/","og_site_name":"GRAMONT DRENOVA d.o.o.","article_modified_time":"2025-10-09T16:12:19+00:00","twitter_card":"summary_large_image","twitter_misc":{"Estimated reading time":"2 minutes"},"schema":{"@context":"https:\/\/schema.org","@graph":[{"@type":"WebPage","@id":"https:\/\/gramont-drenova.eu\/impressum\/","url":"https:\/\/gramont-drenova.eu\/impressum\/","name":"Impressum | GRAMONT DRENOVA Ltd.","isPartOf":{"@id":"https:\/\/gramont-drenova.eu\/#website"},"datePublished":"2025-10-06T11:40:55+00:00","dateModified":"2025-10-09T16:12:19+00:00","description":"Company Imprint GRAMONT DRENOVA d.o.o. \u2013 Construction and Assembly. Official data, contacts, share capital, and company status.","breadcrumb":{"@id":"https:\/\/gramont-drenova.eu\/impressum\/#breadcrumb"},"inLanguage":"en-GB","potentialAction":[{"@type":"ReadAction","target":["https:\/\/gramont-drenova.eu\/impressum\/"]}]},{"@type":"BreadcrumbList","@id":"https:\/\/gramont-drenova.eu\/impressum\/#breadcrumb","itemListElement":[{"@type":"ListItem","position":1,"name":"Po\u010detna stranica","item":"https:\/\/gramont-drenova.eu\/"},{"@type":"ListItem","position":2,"name":"Impressum"}]},{"@type":"WebSite","@id":"https:\/\/gramont-drenova.eu\/#website","url":"https:\/\/gramont-drenova.eu\/","name":"GRAMONT DRENOVA doo.","description":"With us to the perfect solution!","publisher":{"@id":"https:\/\/gramont-drenova.eu\/#organization"},"potentialAction":[{"@type":"SearchAction","target":{"@type":"EntryPoint","urlTemplate":"https:\/\/gramont-drenova.eu\/?s={search_term_string}"},"query-input":{"@type":"PropertyValueSpecification","valueRequired":true,"valueName":"search_term_string"}}],"inLanguage":"en-GB"},{"@type":"Organization","@id":"https:\/\/gramont-drenova.eu\/#organization","name":"GRAMONT DRENOVA doo.","url":"https:\/\/gramont-drenova.eu\/","logo":{"@type":"ImageObject","inLanguage":"en-GB","@id":"https:\/\/gramont-drenova.eu\/#\/schema\/logo\/image\/","url":"https:\/\/gramont-drenova.eu\/wp-content\/uploads\/2025\/08\/Gramont_Drenova_Logotip.svg","contentUrl":"https:\/\/gramont-drenova.eu\/wp-content\/uploads\/2025\/08\/Gramont_Drenova_Logotip.svg","caption":"GRAMONT DRENOVA d.o.o."},"image":{"@id":"https:\/\/gramont-drenova.eu\/#\/schema\/logo\/image\/"},"sameAs":["https:\/\/instagram.com\/gramont_drenova"]}]}},"_links":{"self":[{"href":"https:\/\/gramont-drenova.eu\/en\/wp-json\/wp\/v2\/pages\/5036","targetHints":{"allow":["GET"]}}],"collection":[{"href":"https:\/\/gramont-drenova.eu\/en\/wp-json\/wp\/v2\/pages"}],"about":[{"href":"https:\/\/gramont-drenova.eu\/en\/wp-json\/wp\/v2\/types\/page"}],"author":[{"embeddable":true,"href":"https:\/\/gramont-drenova.eu\/en\/wp-json\/wp\/v2\/users\/1"}],"replies":[{"embeddable":true,"href":"https:\/\/gramont-drenova.eu\/en\/wp-json\/wp\/v2\/comments?post=5036"}],"version-history":[{"count":33,"href":"https:\/\/gramont-drenova.eu\/en\/wp-json\/wp\/v2\/pages\/5036\/revisions"}],"predecessor-version":[{"id":5580,"href":"https:\/\/gramont-drenova.eu\/en\/wp-json\/wp\/v2\/pages\/5036\/revisions\/5580"}],"wp:attachment":[{"href":"https:\/\/gramont-drenova.eu\/en\/wp-json\/wp\/v2\/media?parent=5036"}],"curies":[{"name":"wp","href":"https:\/\/api.w.org\/{rel}","templated":true}]}}